{"id":3228,"date":"2023-08-15T16:19:50","date_gmt":"2023-08-15T22:19:50","guid":{"rendered":"https:\/\/www.alianzafc.com.sv\/alianzaenlinea\/?post_type=product&#038;p=3228"},"modified":"2023-08-15T16:33:50","modified_gmt":"2023-08-15T22:33:50","slug":"aportacion-100","status":"publish","type":"product","link":"https:\/\/www.alianzafc.com.sv\/alianzaenlinea\/producto\/aportacion-100\/","title":{"rendered":"Aportaci\u00f3n $100"},"content":{"rendered":"","protected":false},"excerpt":{"rendered":"<p>\u00a1Ya puedes brindarle tu apoyo al m\u00e1s grande! Elige una opci\u00f3n para realizar tu aportaci\u00f3n al equipo y convi\u00e9rtete en <strong>#M\u00e1sAliancistaQueNunca<\/strong><\/p>\n","protected":false},"featured_media":3223,"template":"","meta":{"_coblocks_attr":"","_coblocks_dimensions":"","_coblocks_responsive_height":"","_coblocks_accordion_ie_support":""},"product_cat":[73],"product_tag":[],"_links":{"self":[{"href":"https:\/\/www.alianzafc.com.sv\/alianzaenlinea\/wp-json\/wp\/v2\/product\/3228"}],"collection":[{"href":"https:\/\/www.alianzafc.com.sv\/alianzaenlinea\/wp-json\/wp\/v2\/product"}],"about":[{"href":"https:\/\/www.alianzafc.com.sv\/alianzaenlinea\/wp-json\/wp\/v2\/types\/product"}],"wp:featuredmedia":[{"embeddable":true,"href":"https:\/\/www.alianzafc.com.sv\/alianzaenlinea\/wp-json\/wp\/v2\/media\/3223"}],"wp:attachment":[{"href":"https:\/\/www.alianzafc.com.sv\/alianzaenlinea\/wp-json\/wp\/v2\/media?parent=3228"}],"wp:term":[{"taxonomy":"product_cat","embeddable":true,"href":"https:\/\/www.alianzafc.com.sv\/alianzaenlinea\/wp-json\/wp\/v2\/product_cat?post=3228"},{"taxonomy":"product_tag","embeddable":true,"href":"https:\/\/www.alianzafc.com.sv\/alianzaenlinea\/wp-json\/wp\/v2\/product_tag?post=3228"}],"curies":[{"name":"wp","href":"https:\/\/api.w.org\/{rel}","templated":true}]}}